{"id":2011,"date":"2024-08-20T16:11:15","date_gmt":"2024-08-20T16:11:15","guid":{"rendered":"http:\/\/blackangus.local\/?page_id=2011"},"modified":"2024-08-27T10:57:35","modified_gmt":"2024-08-27T10:57:35","slug":"reservez-votre-table","status":"publish","type":"page","link":"https:\/\/www.restaurant-blackangus.com\/en\/reservez-votre-table\/","title":{"rendered":"RESERVEZ"},"content":{"rendered":"<div class=\"wp-block-uagb-container uagb-block-6713fa98 alignfull uagb-is-root-container\"><div class=\"uagb-container-inner-blocks-wrap\">\n<div class=\"wp-block-uagb-info-box uagb-block-706f8de3 uagb-infobox__content-wrap  uagb-infobox-icon-above-title uagb-infobox-image-valign-top\"><div class=\"uagb-ifb-content\"><div class=\"uagb-ifb-title-wrap\"><h1 class=\"uagb-ifb-title\">RESERVEZ VOTRE TABLE<\/h1><\/div><p class=\"uagb-ifb-desc\">Le midi Lundi &#8211; Vendredi 12:00 &#8211; 14:00<br>Le soir Dimanche &#8211; Vendredi 19:00 &#8211; 22:00 <\/p><\/div><\/div>\n<\/div><\/div>\n\n\n\n<iframe\n        data-src=\"https:\/\/widget.thefork.com\/0711402b-cb6c-4a4d-b1d7-77e4d35e53d9\"\n        allow=\"payment *\"\n        style=\"width: 100%; min-height:800px; border:none; overflow:scroll;\"\n       src=\"data:image\/gif;base64,R0lGODlhAQABAAAAACH5BAEKAAEALAAAAAABAAEAAAICTAEAOw==\" class=\"lazyload\" data-load-mode=\"1\"><\/iframe>\n\n\n\n<div class=\"wp-block-uagb-container uagb-block-5f66b160 alignfull uagb-is-root-container\"><div class=\"uagb-container-inner-blocks-wrap\">\n<div class=\"wp-block-uagb-info-box uagb-block-335d7b38 uagb-infobox__content-wrap  uagb-infobox-icon-above-title uagb-infobox-image-valign-top\"><div class=\"uagb-ifb-content\"><div class=\"uagb-ifb-title-wrap\"><h6 class=\"uagb-ifb-title-prefix\">Notre Adresse<\/h6><h2 class=\"uagb-ifb-title\">Place de la R\u00e9volution Fran\u00e7aise, 31700 Blagnac<\/h2><\/div><p class=\"uagb-ifb-desc\">Vous pouvez vous garer sur le parking de H\u00f4tel Holiday Inn Toulouse Airport gratuitement.<\/p><div class=\"uagb-ifb-button-wrapper wp-block-button\"><a href=\"#\" class=\"uagb-infobox-cta-link wp-block-button__link\" target=\"_self\" rel=\"noopener noreferrer\" onclick=\"return false;\"><span class=\"uagb-inline-editing\">Reservez une table<\/span><\/a><\/div><\/div><\/div>\n\n\n\n<div class=\"wp-block-uagb-info-box uagb-block-dc92158a uagb-infobox__content-wrap  uagb-infobox-icon-above-title uagb-infobox-image-valign-top wp-block-uagb-info-box--has-margin\"><div class=\"uagb-infobox-margin-wrapper\"><div class=\"uagb-ifb-content\"><div class=\"uagb-ifb-title-wrap\"><span class=\"uagb-ifb-title-prefix\">Notre Num\u00e9ro de T\u00e9l\u00e9phone<\/span><p class=\"uagb-ifb-title\">05 34 36 00 20<\/p><\/div><p class=\"uagb-ifb-desc\">tlsap.restaurant@hitoulouse.com<\/p><\/div><\/div><\/div>\n<\/div><\/div>\n\n\n\n<div class=\"wp-block-uagb-container uagb-block-75f8696e alignfull uagb-is-root-container\">\n<div class=\"wp-block-uagb-image alignright uagb-block-b553a09b wp-block-uagb-image--layout-default wp-block-uagb-image--effect-static wp-block-uagb-image--align-right uag-hide-mob uag-hide-tab uag-hide-mob\"><figure class=\"wp-block-uagb-image__figure\"><img decoding=\"async\" data-srcset=\"https:\/\/websitedemos.net\/deli-restaurant-08\/wp-content\/uploads\/sites\/1031\/2020\/07\/plate-of-cookie-with-strawberry-300x300.png\" data-sizes=\"auto, (max-width: 480px) 150px\" data-src=\"https:\/\/websitedemos.net\/deli-restaurant-08\/wp-content\/uploads\/sites\/1031\/2020\/07\/plate-of-cookie-with-strawberry-300x300.png\" alt=\"\" class=\"uag-image-123 lazyload\" width=\"400\" height=\"400\" title=\"\" loading=\"lazy\" role=\"img\" src=\"data:image\/gif;base64,R0lGODlhAQABAAAAACH5BAEKAAEALAAAAAABAAEAAAICTAEAOw==\" style=\"--smush-placeholder-width: 400px; --smush-placeholder-aspect-ratio: 400\/400;\" \/><noscript><img decoding=\"async\" srcset=\"https:\/\/websitedemos.net\/deli-restaurant-08\/wp-content\/uploads\/sites\/1031\/2020\/07\/plate-of-cookie-with-strawberry-300x300.png \" sizes=\"auto, (max-width: 480px) 150px\" src=\"https:\/\/websitedemos.net\/deli-restaurant-08\/wp-content\/uploads\/sites\/1031\/2020\/07\/plate-of-cookie-with-strawberry-300x300.png\" alt=\"\" class=\"uag-image-123\" width=\"400\" height=\"400\" title=\"\" loading=\"lazy\" role=\"img\"\/><\/noscript><\/figure><\/div>\n<\/div>\n\n\n\n<div class=\"wp-block-uagb-container uagb-block-3d7db23a alignfull uagb-is-root-container\">\n<div class=\"wp-block-uagb-container uagb-block-ea10c663\">\t\t\t<div \n\t\t\tclass=\"wp-block-uagb-google-map uagb-google-map__wrap uagb-block-234c2ab1\"\n\t\t\tstyle=\"\" >\n\t\t\t\t<embed\n\t\t\t\t\tclass=\"uagb-google-map__iframe\"\n\t\t\t\t\ttitle=\"Google Map for \"\n\t\t\t\t\tsrc=\"https:\/\/maps.google.com\/maps?q=Black%20Agnus%20blagnac&#038;z=16&#038;hl=en&#038;t=m&#038;output=embed&#038;iwloc=near\"\n\t\t\t\t\twidth=\"640\"\n\t\t\t\t\theight=\"680\"\n\t\t\t\t\tloading=\"lazy\"\n\t\t\t\t><\/embed>\n\t\t\t<\/div>\n\t\t\t<\/div>\n\n\n\n<div class=\"wp-block-uagb-container uagb-block-fe3ccb3a\">\n<div class=\"wp-block-uagb-advanced-heading uagb-block-22d9fda4\"><h3 class=\"uagb-heading-text\">Envoyez nous un message<\/h3><p class=\"uagb-desc-text\">Pour toutes vos demandes ou questions:<\/p><\/div>\n\n\n\n<div class=\"wp-block-uagb-forms uagb-forms__outer-wrap uagb-block-8e6051ea uagb-forms__default-btn\"><form class=\"uagb-forms-main-form\" method=\"post\" autocomplete=\"on\" name=\"uagb-form-8e6051ea\" action=\"\">\n<div class=\"wp-block-uagb-forms-name uagb-forms-name-wrap uagb-forms-field-set uagb-block-ba0baf5b\"><div class=\"uagb-forms-name-label required uagb-forms-input-label\" id=\"ba0baf5b\">First Name<\/div><input type=\"text\" placeholder=\"Votre Nom\" required class=\"uagb-forms-name-input uagb-forms-input\" name=\"ba0baf5b\" autocomplete=\"given-name\"\/><\/div>\n\n\n\n<div class=\"wp-block-uagb-forms-email uagb-forms-email-wrap uagb-forms-field-set uagb-block-7f72f738\"><div class=\"uagb-forms-email-label required uagb-forms-input-label\" id=\"7f72f738\">Email<\/div><input type=\"email\" class=\"uagb-forms-email-input uagb-forms-input\" placeholder=\"Adresse Mail\" required name=\"7f72f738\" autocomplete=\"email\"\/><\/div>\n\n\n\n<div class=\"wp-block-uagb-forms-textarea uagb-forms-textarea-wrap uagb-forms-field-set uagb-block-59d33eff\"><div class=\"uagb-forms-textarea-label required uagb-forms-input-label\" id=\"59d33eff\">Message<\/div><textarea required class=\"uagb-forms-textarea-input uagb-forms-input\" rows=\"4\" placeholder=\"Votre Message\" name=\"59d33eff\" autocomplete=\"off\"><\/textarea><\/div>\n<div class=\"uagb-forms-form-hidden-data\"><input type=\"hidden\" id=\"g-recaptcha-response\" class=\"uagb-forms-recaptcha\"\/><input type=\"hidden\" class=\"uagb_forms_form_label\" value=\"Spectra Form\"\/><input type=\"hidden\" class=\"uagb_forms_form_id\" value=\"uagb-form-8e6051ea\"\/><\/div><div class=\"uagb-form-reacaptcha-error-8e6051ea\"><\/div><div class=\"uagb-forms-main-submit-button-wrap wp-block-button\"><button class=\"uagb-forms-main-submit-button wp-block-button__link\"><div class=\"uagb-forms-main-submit-button-text\">Envoyez Message<\/div><\/button><\/div><input type=\"hidden\" name=\"trp-form-language\" value=\"en\"\/><\/form><div class=\"uagb-forms-success-message-8e6051ea uagb-forms-submit-message-hide\"><span>Votre message est bien envoy\u00e9. Nous prennons contact avec vous sous 24H. <\/span><\/div><div class=\"uagb-forms-failed-message-8e6051ea uagb-forms-submit-message-hide\"><span>There has been some error while submitting the form. Please verify all form fields again.<\/span><\/div><\/div>\n<\/div>\n<\/div>","protected":false},"excerpt":{"rendered":"<p>Envoyez nous un message Pour toutes vos demandes ou questions:<\/p>","protected":false},"author":1,"featured_media":0,"parent":0,"menu_order":0,"comment_status":"closed","ping_status":"closed","template":"","meta":{"_uag_custom_page_level_css":"","site-sidebar-layout":"no-sidebar","site-content-layout":"plain-container","ast-site-content-layout":"normal-width-container","site-content-style":"unboxed","site-sidebar-style":"unboxed","ast-global-header-display":"","ast-banner-title-visibility":"","ast-main-header-display":"","ast-hfb-above-header-display":"","ast-hfb-below-header-display":"","ast-hfb-mobile-header-display":"","site-post-title":"disabled","ast-breadcrumbs-content":"","ast-featured-img":"disabled","footer-sml-layout":"","theme-transparent-header-meta":"enabled","adv-header-id-meta":"","stick-header-meta":"","header-above-stick-meta":"","header-main-stick-meta":"","header-below-stick-meta":"","astra-migrate-meta-layouts":"set","ast-page-background-enabled":"default","ast-page-background-meta":{"desktop":{"background-color":"","background-image":"","background-repeat":"repeat","background-position":"center center","background-size":"auto","background-attachment":"scroll","background-type":"","background-media":"","overlay-type":"","overlay-color":"","overlay-opacity":"","overlay-gradient":""},"tablet":{"background-color":"","background-image":"","background-repeat":"repeat","background-position":"center center","background-size":"auto","background-attachment":"scroll","background-type":"","background-media":"","overlay-type":"","overlay-color":"","overlay-opacity":"","overlay-gradient":""},"mobile":{"background-color":"","background-image":"","background-repeat":"repeat","background-position":"center center","background-size":"auto","background-attachment":"scroll","background-type":"","background-media":"","overlay-type":"","overlay-color":"","overlay-opacity":"","overlay-gradient":""}},"ast-content-background-meta":{"desktop":{"background-color":"var(--ast-global-color-5)","background-image":"","background-repeat":"repeat","background-position":"center center","background-size":"auto","background-attachment":"scroll","background-type":"","background-media":"","overlay-type":"","overlay-color":"","overlay-opacity":"","overlay-gradient":""},"tablet":{"background-color":"var(--ast-global-color-5)","background-image":"","background-repeat":"repeat","background-position":"center center","background-size":"auto","background-attachment":"scroll","background-type":"","background-media":"","overlay-type":"","overlay-color":"","overlay-opacity":"","overlay-gradient":""},"mobile":{"background-color":"var(--ast-global-color-5)","background-image":"","background-repeat":"repeat","background-position":"center center","background-size":"auto","background-attachment":"scroll","background-type":"","background-media":"","overlay-type":"","overlay-color":"","overlay-opacity":"","overlay-gradient":""}},"footnotes":""},"class_list":["post-2011","page","type-page","status-publish","hentry"],"yoast_head":"<!-- This site is optimized with the Yoast SEO plugin v24.3 - https:\/\/yoast.com\/wordpress\/plugins\/seo\/ -->\n<title>Reservations - Black Angus restaurant<\/title>\n<meta name=\"description\" content=\"R\u00e9servez votre table. Les horaires d&#039;ouvertures sont le midi de lundi - vendredi 12:00 - 14:00 et le soir de 19:00 - 22:00. Parking gratuit\" \/>\n<meta name=\"robots\" content=\"index, follow, max-snippet:-1, max-image-preview:large, max-video-preview:-1\" \/>\n<link rel=\"canonical\" href=\"https:\/\/www.restaurant-blackangus.com\/en\/reservez-votre-table\/\" \/>\n<meta property=\"og:locale\" content=\"en_GB\" \/>\n<meta property=\"og:type\" content=\"article\" \/>\n<meta property=\"og:title\" content=\"Reservations - Black Angus restaurant\" \/>\n<meta property=\"og:description\" content=\"R\u00e9servez votre table. Les horaires d&#039;ouvertures sont le midi de lundi - vendredi 12:00 - 14:00 et le soir de 19:00 - 22:00. Parking gratuit\" \/>\n<meta property=\"og:url\" content=\"https:\/\/www.restaurant-blackangus.com\/en\/reservez-votre-table\/\" \/>\n<meta property=\"og:site_name\" content=\"Black Angus Restaurant\" \/>\n<meta property=\"article:publisher\" content=\"https:\/\/www.instagram.com\/blackangus_blagnac\/\" \/>\n<meta property=\"article:modified_time\" content=\"2024-08-27T10:57:35+00:00\" \/>\n<meta property=\"og:image\" content=\"https:\/\/websitedemos.net\/deli-restaurant-08\/wp-content\/uploads\/sites\/1031\/2020\/07\/plate-of-cookie-with-strawberry-300x300.png\" \/>\n<meta name=\"twitter:card\" content=\"summary_large_image\" \/>\n<meta name=\"twitter:label1\" content=\"Estimated reading time\" \/>\n\t<meta name=\"twitter:data1\" content=\"1 minute\" \/>\n<script type=\"application\/ld+json\" class=\"yoast-schema-graph\">{\"@context\":\"https:\/\/schema.org\",\"@graph\":[{\"@type\":\"WebPage\",\"@id\":\"https:\/\/www.restaurant-blackangus.com\/en\/reservez-votre-table\/\",\"url\":\"https:\/\/www.restaurant-blackangus.com\/en\/reservez-votre-table\/\",\"name\":\"Reservations - Black Angus restaurant\",\"isPartOf\":{\"@id\":\"https:\/\/www.restaurant-blackangus.com\/en\/#website\"},\"primaryImageOfPage\":{\"@id\":\"https:\/\/www.restaurant-blackangus.com\/en\/reservez-votre-table\/#primaryimage\"},\"image\":{\"@id\":\"https:\/\/www.restaurant-blackangus.com\/en\/reservez-votre-table\/#primaryimage\"},\"thumbnailUrl\":\"https:\/\/websitedemos.net\/deli-restaurant-08\/wp-content\/uploads\/sites\/1031\/2020\/07\/plate-of-cookie-with-strawberry-300x300.png\",\"datePublished\":\"2024-08-20T16:11:15+00:00\",\"dateModified\":\"2024-08-27T10:57:35+00:00\",\"description\":\"R\u00e9servez votre table. Les horaires d'ouvertures sont le midi de lundi - vendredi 12:00 - 14:00 et le soir de 19:00 - 22:00. Parking gratuit\",\"breadcrumb\":{\"@id\":\"https:\/\/www.restaurant-blackangus.com\/en\/reservez-votre-table\/#breadcrumb\"},\"inLanguage\":\"en-GB\",\"potentialAction\":[{\"@type\":\"ReadAction\",\"target\":[\"https:\/\/www.restaurant-blackangus.com\/en\/reservez-votre-table\/\"]}]},{\"@type\":\"ImageObject\",\"inLanguage\":\"en-GB\",\"@id\":\"https:\/\/www.restaurant-blackangus.com\/en\/reservez-votre-table\/#primaryimage\",\"url\":\"https:\/\/websitedemos.net\/deli-restaurant-08\/wp-content\/uploads\/sites\/1031\/2020\/07\/plate-of-cookie-with-strawberry-300x300.png\",\"contentUrl\":\"https:\/\/websitedemos.net\/deli-restaurant-08\/wp-content\/uploads\/sites\/1031\/2020\/07\/plate-of-cookie-with-strawberry-300x300.png\"},{\"@type\":\"BreadcrumbList\",\"@id\":\"https:\/\/www.restaurant-blackangus.com\/en\/reservez-votre-table\/#breadcrumb\",\"itemListElement\":[{\"@type\":\"ListItem\",\"position\":1,\"name\":\"Home\",\"item\":\"https:\/\/www.restaurant-blackangus.com\/en\/\"},{\"@type\":\"ListItem\",\"position\":2,\"name\":\"RESERVEZ\"}]},{\"@type\":\"WebSite\",\"@id\":\"https:\/\/www.restaurant-blackangus.com\/en\/#website\",\"url\":\"https:\/\/www.restaurant-blackangus.com\/en\/\",\"name\":\"Restaurant Black Angus Blagnac\",\"description\":\"Black Angus restaurant\",\"publisher\":{\"@id\":\"https:\/\/www.restaurant-blackangus.com\/en\/#organization\"},\"potentialAction\":[{\"@type\":\"SearchAction\",\"target\":{\"@type\":\"EntryPoint\",\"urlTemplate\":\"https:\/\/www.restaurant-blackangus.com\/en\/?s={search_term_string}\"},\"query-input\":{\"@type\":\"PropertyValueSpecification\",\"valueRequired\":true,\"valueName\":\"search_term_string\"}}],\"inLanguage\":\"en-GB\"},{\"@type\":\"Organization\",\"@id\":\"https:\/\/www.restaurant-blackangus.com\/en\/#organization\",\"name\":\"Restaurant Black Angus\",\"url\":\"https:\/\/www.restaurant-blackangus.com\/en\/\",\"logo\":{\"@type\":\"ImageObject\",\"inLanguage\":\"en-GB\",\"@id\":\"https:\/\/www.restaurant-blackangus.com\/en\/#\/schema\/logo\/image\/\",\"url\":\"https:\/\/www.restaurant-blackangus.com\/wp-content\/uploads\/2024\/08\/Logo-noir-Black-Angus-restaurant.png\",\"contentUrl\":\"https:\/\/www.restaurant-blackangus.com\/wp-content\/uploads\/2024\/08\/Logo-noir-Black-Angus-restaurant.png\",\"width\":420,\"height\":122,\"caption\":\"Restaurant Black Angus\"},\"image\":{\"@id\":\"https:\/\/www.restaurant-blackangus.com\/en\/#\/schema\/logo\/image\/\"},\"sameAs\":[\"https:\/\/www.instagram.com\/blackangus_blagnac\/\"]}]}<\/script>\n<!-- \/ Yoast SEO plugin. -->","yoast_head_json":{"title":"Reservations - Black Angus restaurant","description":"R\u00e9servez votre table. Les horaires d'ouvertures sont le midi de lundi - vendredi 12:00 - 14:00 et le soir de 19:00 - 22:00. Parking gratuit","robots":{"index":"index","follow":"follow","max-snippet":"max-snippet:-1","max-image-preview":"max-image-preview:large","max-video-preview":"max-video-preview:-1"},"canonical":"https:\/\/www.restaurant-blackangus.com\/en\/reservez-votre-table\/","og_locale":"en_GB","og_type":"article","og_title":"Reservations - Black Angus restaurant","og_description":"R\u00e9servez votre table. Les horaires d'ouvertures sont le midi de lundi - vendredi 12:00 - 14:00 et le soir de 19:00 - 22:00. Parking gratuit","og_url":"https:\/\/www.restaurant-blackangus.com\/en\/reservez-votre-table\/","og_site_name":"Black Angus Restaurant","article_publisher":"https:\/\/www.instagram.com\/blackangus_blagnac\/","article_modified_time":"2024-08-27T10:57:35+00:00","og_image":[{"url":"https:\/\/websitedemos.net\/deli-restaurant-08\/wp-content\/uploads\/sites\/1031\/2020\/07\/plate-of-cookie-with-strawberry-300x300.png","type":"","width":"","height":""}],"twitter_card":"summary_large_image","twitter_misc":{"Estimated reading time":"1 minute"},"schema":{"@context":"https:\/\/schema.org","@graph":[{"@type":"WebPage","@id":"https:\/\/www.restaurant-blackangus.com\/en\/reservez-votre-table\/","url":"https:\/\/www.restaurant-blackangus.com\/en\/reservez-votre-table\/","name":"Reservations - Black Angus restaurant","isPartOf":{"@id":"https:\/\/www.restaurant-blackangus.com\/en\/#website"},"primaryImageOfPage":{"@id":"https:\/\/www.restaurant-blackangus.com\/en\/reservez-votre-table\/#primaryimage"},"image":{"@id":"https:\/\/www.restaurant-blackangus.com\/en\/reservez-votre-table\/#primaryimage"},"thumbnailUrl":"https:\/\/websitedemos.net\/deli-restaurant-08\/wp-content\/uploads\/sites\/1031\/2020\/07\/plate-of-cookie-with-strawberry-300x300.png","datePublished":"2024-08-20T16:11:15+00:00","dateModified":"2024-08-27T10:57:35+00:00","description":"R\u00e9servez votre table. Les horaires d'ouvertures sont le midi de lundi - vendredi 12:00 - 14:00 et le soir de 19:00 - 22:00. Parking gratuit","breadcrumb":{"@id":"https:\/\/www.restaurant-blackangus.com\/en\/reservez-votre-table\/#breadcrumb"},"inLanguage":"en-GB","potentialAction":[{"@type":"ReadAction","target":["https:\/\/www.restaurant-blackangus.com\/en\/reservez-votre-table\/"]}]},{"@type":"ImageObject","inLanguage":"en-GB","@id":"https:\/\/www.restaurant-blackangus.com\/en\/reservez-votre-table\/#primaryimage","url":"https:\/\/websitedemos.net\/deli-restaurant-08\/wp-content\/uploads\/sites\/1031\/2020\/07\/plate-of-cookie-with-strawberry-300x300.png","contentUrl":"https:\/\/websitedemos.net\/deli-restaurant-08\/wp-content\/uploads\/sites\/1031\/2020\/07\/plate-of-cookie-with-strawberry-300x300.png"},{"@type":"BreadcrumbList","@id":"https:\/\/www.restaurant-blackangus.com\/en\/reservez-votre-table\/#breadcrumb","itemListElement":[{"@type":"ListItem","position":1,"name":"Home","item":"https:\/\/www.restaurant-blackangus.com\/en\/"},{"@type":"ListItem","position":2,"name":"RESERVEZ"}]},{"@type":"WebSite","@id":"https:\/\/www.restaurant-blackangus.com\/en\/#website","url":"https:\/\/www.restaurant-blackangus.com\/en\/","name":"Restaurant Black Angus Blagnac","description":"Black Angus restaurant","publisher":{"@id":"https:\/\/www.restaurant-blackangus.com\/en\/#organization"},"potentialAction":[{"@type":"SearchAction","target":{"@type":"EntryPoint","urlTemplate":"https:\/\/www.restaurant-blackangus.com\/en\/?s={search_term_string}"},"query-input":{"@type":"PropertyValueSpecification","valueRequired":true,"valueName":"search_term_string"}}],"inLanguage":"en-GB"},{"@type":"Organization","@id":"https:\/\/www.restaurant-blackangus.com\/en\/#organization","name":"Restaurant Black Angus","url":"https:\/\/www.restaurant-blackangus.com\/en\/","logo":{"@type":"ImageObject","inLanguage":"en-GB","@id":"https:\/\/www.restaurant-blackangus.com\/en\/#\/schema\/logo\/image\/","url":"https:\/\/www.restaurant-blackangus.com\/wp-content\/uploads\/2024\/08\/Logo-noir-Black-Angus-restaurant.png","contentUrl":"https:\/\/www.restaurant-blackangus.com\/wp-content\/uploads\/2024\/08\/Logo-noir-Black-Angus-restaurant.png","width":420,"height":122,"caption":"Restaurant Black Angus"},"image":{"@id":"https:\/\/www.restaurant-blackangus.com\/en\/#\/schema\/logo\/image\/"},"sameAs":["https:\/\/www.instagram.com\/blackangus_blagnac\/"]}]}},"uagb_featured_image_src":{"full":false,"thumbnail":false,"medium":false,"medium_large":false,"large":false,"1536x1536":false,"2048x2048":false,"trp-custom-language-flag":false,"fdm-item-thumb":false},"uagb_author_info":{"display_name":"Sybre","author_link":"https:\/\/www.restaurant-blackangus.com\/en\/author\/sybre\/"},"uagb_comment_info":0,"uagb_excerpt":"Envoyez nous un message Pour toutes vos demandes ou questions:","_links":{"self":[{"href":"https:\/\/www.restaurant-blackangus.com\/en\/wp-json\/wp\/v2\/pages\/2011","targetHints":{"allow":["GET"]}}],"collection":[{"href":"https:\/\/www.restaurant-blackangus.com\/en\/wp-json\/wp\/v2\/pages"}],"about":[{"href":"https:\/\/www.restaurant-blackangus.com\/en\/wp-json\/wp\/v2\/types\/page"}],"author":[{"embeddable":true,"href":"https:\/\/www.restaurant-blackangus.com\/en\/wp-json\/wp\/v2\/users\/1"}],"replies":[{"embeddable":true,"href":"https:\/\/www.restaurant-blackangus.com\/en\/wp-json\/wp\/v2\/comments?post=2011"}],"version-history":[{"count":2,"href":"https:\/\/www.restaurant-blackangus.com\/en\/wp-json\/wp\/v2\/pages\/2011\/revisions"}],"predecessor-version":[{"id":2428,"href":"https:\/\/www.restaurant-blackangus.com\/en\/wp-json\/wp\/v2\/pages\/2011\/revisions\/2428"}],"wp:attachment":[{"href":"https:\/\/www.restaurant-blackangus.com\/en\/wp-json\/wp\/v2\/media?parent=2011"}],"curies":[{"name":"wp","href":"https:\/\/api.w.org\/{rel}","templated":true}]}}