{"id":370,"date":"2024-08-16T11:51:07","date_gmt":"2024-08-16T11:51:07","guid":{"rendered":"http:\/\/blackangus.local\/menu\/"},"modified":"2026-02-10T14:37:05","modified_gmt":"2026-02-10T14:37:05","slug":"notre-carte","status":"publish","type":"page","link":"https:\/\/www.restaurant-blackangus.com\/en\/notre-carte\/","title":{"rendered":"OUR MENUS"},"content":{"rendered":"<div class=\"wp-block-uagb-container uagb-block-e95dd317 alignfull uagb-is-root-container\"><div class=\"uagb-container-inner-blocks-wrap\">\n<div class=\"wp-block-uagb-info-box uagb-block-483861e1 uagb-infobox__content-wrap  uagb-infobox-icon-above-title uagb-infobox-image-valign-top\"><div class=\"uagb-ifb-content\"><div class=\"uagb-ifb-title-wrap\"><h1 class=\"uagb-ifb-title\">NOS CARTES\u200b<\/h1><\/div><p class=\"uagb-ifb-desc\">Nos offres du moment<br><br><\/p><\/div><\/div>\n\n\n\n<div class=\"wp-block-uagb-buttons uagb-buttons__outer-wrap uagb-btn__default-btn uagb-btn-tablet__default-btn uagb-btn-mobile__default-btn uagb-block-daa506ba\"><div class=\"uagb-buttons__wrap uagb-buttons-layout-wrap\">\n<div class=\"wp-block-uagb-buttons-child uagb-buttons__outer-wrap uagb-block-648b0f2e wp-block-button\"><div class=\"uagb-button__wrapper\"><a class=\"uagb-buttons-repeater wp-block-button__link\" aria-label=\"\" href=\"https:\/\/www.restaurant-blackangus.com\/en\/menu-express\/\" rel=\"follow noopener\" target=\"_self\" role=\"button\"><div class=\"uagb-button__link\">MENU DE LA SEMAINE<\/div><\/a><\/div><\/div>\n\n\n\n<div class=\"wp-block-uagb-buttons-child uagb-buttons__outer-wrap uagb-block-2396778c wp-block-button\"><div class=\"uagb-button__wrapper\"><a class=\"uagb-buttons-repeater wp-block-button__link\" aria-label=\"\" href=\"#\" rel=\"follow noopener\" target=\"_self\" role=\"button\"><div class=\"uagb-button__link\">MENU <br>\u00e0 LA CARTE<\/div><\/a><\/div><\/div>\n<\/div><\/div>\n<\/div><\/div>\n\n\n\n<div class=\"wp-block-uagb-container uagb-block-c0f15ff2 alignfull uagb-is-root-container\"><div class=\"uagb-container-inner-blocks-wrap\">\n<div style=\"position: relative; width: 100%; height: 0; padding-top: 141.4286%; padding-bottom: 0; box-shadow: 0 2px 8px 0 rgba(63,69,81,0.16); margin-top: 1.6em; margin-bottom: 0.9em; overflow: hidden; border-radius: 8px; will-change: transform;\">  <iframe loading=\"lazy\" style=\"position: absolute; width: 100%; height: 100%; top: 0; left: 0; border: none; padding: 0;margin: 0;\"    data-src=\"https:\/\/www.canva.com\/design\/DAGwnarrZ3k\/2cVHtZSiEIBRTk9dReJdKw\/view?embed\" allowfullscreen=\"allowfullscreen\" allow=\"fullscreen\" src=\"data:image\/gif;base64,R0lGODlhAQABAAAAACH5BAEKAAEALAAAAAABAAEAAAICTAEAOw==\" class=\"lazyload\" data-load-mode=\"1\">  <\/iframe><\/div><a href=\"https:\/\/\/en\/&\/#x2F;&#x2F;www.canva.com&#x2F;design&#x2F;DAGwnarrZ3k&#x2F;2cVHtZSiEIBRTk9dReJdKw&#x2F;view?utm_content=DAGwnarrZ3k&amp;utm_campaign=designshare&amp;utm_medium=embeds&amp;utm_source=link\" target=\"_blank\" rel=\"noopener\">Menu Midi Black Angus<\/a> par Holiday Inn\n<\/div><\/div>\n\n\n\n<div class=\"wp-block-uagb-container uagb-block-622b77a6 alignfull uagb-is-root-container\"><div class=\"uagb-container-inner-blocks-wrap\">\n<div class=\"wp-block-uagb-info-box uagb-block-2ad3d1bb uagb-infobox__content-wrap  uagb-infobox-icon-above-title uagb-infobox-image-valign-top\"><div class=\"uagb-ifb-content\"><div class=\"uagb-ifb-title-wrap\"><span class=\"uagb-ifb-title-prefix\"> <\/span><h2 class=\"uagb-ifb-title\">RESERVEZ VOTRE TABLE<\/h2><\/div><\/div><\/div>\n\n\n\n<iframe\n        data-src=\"https:\/\/widget.thefork.com\/0711402b-cb6c-4a4d-b1d7-77e4d35e53d9\"\n        allow=\"payment *\"\n        style=\"width: 100%; min-height:800px; border:none; overflow:scroll;\"\n       src=\"data:image\/gif;base64,R0lGODlhAQABAAAAACH5BAEKAAEALAAAAAABAAEAAAICTAEAOw==\" class=\"lazyload\" data-load-mode=\"1\"><\/iframe>\n<\/div><\/div>\n\n\n\n<p><\/p>","protected":false},"excerpt":{"rendered":"<p>Menu Midi Black Angus par Holiday Inn<\/p>","protected":false},"author":1,"featured_media":1834,"parent":0,"menu_order":0,"comment_status":"closed","ping_status":"closed","template":"","meta":{"_uag_custom_page_level_css":"","site-sidebar-layout":"no-sidebar","site-content-layout":"plain-container","ast-site-content-layout":"normal-width-container","site-content-style":"unboxed","site-sidebar-style":"unboxed","ast-global-header-display":"","ast-banner-title-visibility":"","ast-main-header-display":"","ast-hfb-above-header-display":"","ast-hfb-below-header-display":"","ast-hfb-mobile-header-display":"","site-post-title":"disabled","ast-breadcrumbs-content":"","ast-featured-img":"disabled","footer-sml-layout":"","theme-transparent-header-meta":"enabled","adv-header-id-meta":"","stick-header-meta":"","header-above-stick-meta":"","header-main-stick-meta":"","header-below-stick-meta":"","astra-migrate-meta-layouts":"set","ast-page-background-enabled":"default","ast-page-background-meta":{"desktop":{"background-color":"","background-image":"","background-repeat":"repeat","background-position":"center center","background-size":"auto","background-attachment":"scroll","background-type":"","background-media":"","overlay-type":"","overlay-color":"","overlay-opacity":"","overlay-gradient":""},"tablet":{"background-color":"","background-image":"","background-repeat":"repeat","background-position":"center center","background-size":"auto","background-attachment":"scroll","background-type":"","background-media":"","overlay-type":"","overlay-color":"","overlay-opacity":"","overlay-gradient":""},"mobile":{"background-color":"","background-image":"","background-repeat":"repeat","background-position":"center center","background-size":"auto","background-attachment":"scroll","background-type":"","background-media":"","overlay-type":"","overlay-color":"","overlay-opacity":"","overlay-gradient":""}},"ast-content-background-meta":{"desktop":{"background-color":"var(--ast-global-color-5)","background-image":"","background-repeat":"repeat","background-position":"center center","background-size":"auto","background-attachment":"scroll","background-type":"","background-media":"","overlay-type":"","overlay-color":"","overlay-opacity":"","overlay-gradient":""},"tablet":{"background-color":"var(--ast-global-color-5)","background-image":"","background-repeat":"repeat","background-position":"center center","background-size":"auto","background-attachment":"scroll","background-type":"","background-media":"","overlay-type":"","overlay-color":"","overlay-opacity":"","overlay-gradient":""},"mobile":{"background-color":"var(--ast-global-color-5)","background-image":"","background-repeat":"repeat","background-position":"center center","background-size":"auto","background-attachment":"scroll","background-type":"","background-media":"","overlay-type":"","overlay-color":"","overlay-opacity":"","overlay-gradient":""}},"footnotes":""},"class_list":["post-370","page","type-page","status-publish","has-post-thumbnail","hentry"],"yoast_head":"<!-- This site is optimized with the Yoast SEO plugin v24.3 - https:\/\/yoast.com\/wordpress\/plugins\/seo\/ -->\n<title>Nos Cartes - suggestions du moment<\/title>\n<meta name=\"description\" content=\"Notre menu express change chaque semaine : entr\u00e9es, plats, desserts, cuisine locale aux touches m\u00e9diterran\u00e9ennes \u00e0 Blagnac.\" \/>\n<meta name=\"robots\" content=\"index, follow, max-snippet:-1, max-image-preview:large, max-video-preview:-1\" \/>\n<link rel=\"canonical\" href=\"https:\/\/www.restaurant-blackangus.com\/en\/notre-carte\/\" \/>\n<meta property=\"og:locale\" content=\"en_GB\" \/>\n<meta property=\"og:type\" content=\"article\" \/>\n<meta property=\"og:title\" content=\"Nos Cartes - suggestions du moment\" \/>\n<meta property=\"og:description\" content=\"Notre menu express change chaque semaine : entr\u00e9es, plats, desserts, cuisine locale aux touches m\u00e9diterran\u00e9ennes \u00e0 Blagnac.\" \/>\n<meta property=\"og:url\" content=\"https:\/\/www.restaurant-blackangus.com\/en\/notre-carte\/\" \/>\n<meta property=\"og:site_name\" content=\"Black Angus Restaurant\" \/>\n<meta property=\"article:publisher\" content=\"https:\/\/www.instagram.com\/blackangus_blagnac\/\" \/>\n<meta property=\"article:modified_time\" content=\"2026-02-10T14:37:05+00:00\" \/>\n<meta property=\"og:image\" content=\"https:\/\/www.restaurant-blackangus.com\/wp-content\/uploads\/2024\/08\/gb87cc9121555e5ea45f5396b75742aa9cef61deb4245f9a782aafa579d401ef40b11128cb73f867f99119bafae156c1735abcaa210cafe4ef1bb75b304205f9a_1280-6473470.png\" \/>\n\t<meta property=\"og:image:width\" content=\"1280\" \/>\n\t<meta property=\"og:image:height\" content=\"1280\" \/>\n\t<meta property=\"og:image:type\" content=\"image\/png\" \/>\n<meta name=\"twitter:card\" content=\"summary_large_image\" \/>\n<meta name=\"twitter:label1\" content=\"Estimated reading time\" \/>\n\t<meta name=\"twitter:data1\" content=\"1 minute\" \/>\n<script type=\"application\/ld+json\" class=\"yoast-schema-graph\">{\"@context\":\"https:\/\/schema.org\",\"@graph\":[{\"@type\":\"WebPage\",\"@id\":\"https:\/\/www.restaurant-blackangus.com\/en\/notre-carte\/\",\"url\":\"https:\/\/www.restaurant-blackangus.com\/en\/notre-carte\/\",\"name\":\"Nos Cartes - suggestions du moment\",\"isPartOf\":{\"@id\":\"https:\/\/www.restaurant-blackangus.com\/en\/#website\"},\"primaryImageOfPage\":{\"@id\":\"https:\/\/www.restaurant-blackangus.com\/en\/notre-carte\/#primaryimage\"},\"image\":{\"@id\":\"https:\/\/www.restaurant-blackangus.com\/en\/notre-carte\/#primaryimage\"},\"thumbnailUrl\":\"https:\/\/www.restaurant-blackangus.com\/wp-content\/uploads\/2024\/08\/gb87cc9121555e5ea45f5396b75742aa9cef61deb4245f9a782aafa579d401ef40b11128cb73f867f99119bafae156c1735abcaa210cafe4ef1bb75b304205f9a_1280-6473470.png\",\"datePublished\":\"2024-08-16T11:51:07+00:00\",\"dateModified\":\"2026-02-10T14:37:05+00:00\",\"description\":\"Notre menu express change chaque semaine : entr\u00e9es, plats, desserts, cuisine locale aux touches m\u00e9diterran\u00e9ennes \u00e0 Blagnac.\",\"breadcrumb\":{\"@id\":\"https:\/\/www.restaurant-blackangus.com\/en\/notre-carte\/#breadcrumb\"},\"inLanguage\":\"en-GB\",\"potentialAction\":[{\"@type\":\"ReadAction\",\"target\":[\"https:\/\/www.restaurant-blackangus.com\/en\/notre-carte\/\"]}]},{\"@type\":\"ImageObject\",\"inLanguage\":\"en-GB\",\"@id\":\"https:\/\/www.restaurant-blackangus.com\/en\/notre-carte\/#primaryimage\",\"url\":\"https:\/\/www.restaurant-blackangus.com\/wp-content\/uploads\/2024\/08\/gb87cc9121555e5ea45f5396b75742aa9cef61deb4245f9a782aafa579d401ef40b11128cb73f867f99119bafae156c1735abcaa210cafe4ef1bb75b304205f9a_1280-6473470.png\",\"contentUrl\":\"https:\/\/www.restaurant-blackangus.com\/wp-content\/uploads\/2024\/08\/gb87cc9121555e5ea45f5396b75742aa9cef61deb4245f9a782aafa579d401ef40b11128cb73f867f99119bafae156c1735abcaa210cafe4ef1bb75b304205f9a_1280-6473470.png\",\"width\":1280,\"height\":1280,\"caption\":\"gb87cc9121555e5ea45f5396b75742aa9cef61deb4245f9a782aafa579d401ef40b11128cb73f867f99119bafae156c1735abcaa210cafe4ef1bb75b304205f9a_1280-6473470.jpg\"},{\"@type\":\"BreadcrumbList\",\"@id\":\"https:\/\/www.restaurant-blackangus.com\/en\/notre-carte\/#breadcrumb\",\"itemListElement\":[{\"@type\":\"ListItem\",\"position\":1,\"name\":\"Home\",\"item\":\"https:\/\/www.restaurant-blackangus.com\/en\/\"},{\"@type\":\"ListItem\",\"position\":2,\"name\":\"Nos cartes\"}]},{\"@type\":\"WebSite\",\"@id\":\"https:\/\/www.restaurant-blackangus.com\/en\/#website\",\"url\":\"https:\/\/www.restaurant-blackangus.com\/en\/\",\"name\":\"Restaurant Black Angus Blagnac\",\"description\":\"Black Angus restaurant\",\"publisher\":{\"@id\":\"https:\/\/www.restaurant-blackangus.com\/en\/#organization\"},\"potentialAction\":[{\"@type\":\"SearchAction\",\"target\":{\"@type\":\"EntryPoint\",\"urlTemplate\":\"https:\/\/www.restaurant-blackangus.com\/en\/?s={search_term_string}\"},\"query-input\":{\"@type\":\"PropertyValueSpecification\",\"valueRequired\":true,\"valueName\":\"search_term_string\"}}],\"inLanguage\":\"en-GB\"},{\"@type\":\"Organization\",\"@id\":\"https:\/\/www.restaurant-blackangus.com\/en\/#organization\",\"name\":\"Restaurant Black Angus\",\"url\":\"https:\/\/www.restaurant-blackangus.com\/en\/\",\"logo\":{\"@type\":\"ImageObject\",\"inLanguage\":\"en-GB\",\"@id\":\"https:\/\/www.restaurant-blackangus.com\/en\/#\/schema\/logo\/image\/\",\"url\":\"https:\/\/www.restaurant-blackangus.com\/wp-content\/uploads\/2024\/08\/Logo-noir-Black-Angus-restaurant.png\",\"contentUrl\":\"https:\/\/www.restaurant-blackangus.com\/wp-content\/uploads\/2024\/08\/Logo-noir-Black-Angus-restaurant.png\",\"width\":420,\"height\":122,\"caption\":\"Restaurant Black Angus\"},\"image\":{\"@id\":\"https:\/\/www.restaurant-blackangus.com\/en\/#\/schema\/logo\/image\/\"},\"sameAs\":[\"https:\/\/www.instagram.com\/blackangus_blagnac\/\"]}]}<\/script>\n<!-- \/ Yoast SEO plugin. -->","yoast_head_json":{"title":"Nos Cartes - suggestions du moment","description":"Notre menu express change chaque semaine : entr\u00e9es, plats, desserts, cuisine locale aux touches m\u00e9diterran\u00e9ennes \u00e0 Blagnac.","robots":{"index":"index","follow":"follow","max-snippet":"max-snippet:-1","max-image-preview":"max-image-preview:large","max-video-preview":"max-video-preview:-1"},"canonical":"https:\/\/www.restaurant-blackangus.com\/en\/notre-carte\/","og_locale":"en_GB","og_type":"article","og_title":"Nos Cartes - suggestions du moment","og_description":"Notre menu express change chaque semaine : entr\u00e9es, plats, desserts, cuisine locale aux touches m\u00e9diterran\u00e9ennes \u00e0 Blagnac.","og_url":"https:\/\/www.restaurant-blackangus.com\/en\/notre-carte\/","og_site_name":"Black Angus Restaurant","article_publisher":"https:\/\/www.instagram.com\/blackangus_blagnac\/","article_modified_time":"2026-02-10T14:37:05+00:00","og_image":[{"width":1280,"height":1280,"url":"https:\/\/www.restaurant-blackangus.com\/wp-content\/uploads\/2024\/08\/gb87cc9121555e5ea45f5396b75742aa9cef61deb4245f9a782aafa579d401ef40b11128cb73f867f99119bafae156c1735abcaa210cafe4ef1bb75b304205f9a_1280-6473470.png","type":"image\/png"}],"twitter_card":"summary_large_image","twitter_misc":{"Estimated reading time":"1 minute"},"schema":{"@context":"https:\/\/schema.org","@graph":[{"@type":"WebPage","@id":"https:\/\/www.restaurant-blackangus.com\/en\/notre-carte\/","url":"https:\/\/www.restaurant-blackangus.com\/en\/notre-carte\/","name":"Nos Cartes - suggestions du moment","isPartOf":{"@id":"https:\/\/www.restaurant-blackangus.com\/en\/#website"},"primaryImageOfPage":{"@id":"https:\/\/www.restaurant-blackangus.com\/en\/notre-carte\/#primaryimage"},"image":{"@id":"https:\/\/www.restaurant-blackangus.com\/en\/notre-carte\/#primaryimage"},"thumbnailUrl":"https:\/\/www.restaurant-blackangus.com\/wp-content\/uploads\/2024\/08\/gb87cc9121555e5ea45f5396b75742aa9cef61deb4245f9a782aafa579d401ef40b11128cb73f867f99119bafae156c1735abcaa210cafe4ef1bb75b304205f9a_1280-6473470.png","datePublished":"2024-08-16T11:51:07+00:00","dateModified":"2026-02-10T14:37:05+00:00","description":"Notre menu express change chaque semaine : entr\u00e9es, plats, desserts, cuisine locale aux touches m\u00e9diterran\u00e9ennes \u00e0 Blagnac.","breadcrumb":{"@id":"https:\/\/www.restaurant-blackangus.com\/en\/notre-carte\/#breadcrumb"},"inLanguage":"en-GB","potentialAction":[{"@type":"ReadAction","target":["https:\/\/www.restaurant-blackangus.com\/en\/notre-carte\/"]}]},{"@type":"ImageObject","inLanguage":"en-GB","@id":"https:\/\/www.restaurant-blackangus.com\/en\/notre-carte\/#primaryimage","url":"https:\/\/www.restaurant-blackangus.com\/wp-content\/uploads\/2024\/08\/gb87cc9121555e5ea45f5396b75742aa9cef61deb4245f9a782aafa579d401ef40b11128cb73f867f99119bafae156c1735abcaa210cafe4ef1bb75b304205f9a_1280-6473470.png","contentUrl":"https:\/\/www.restaurant-blackangus.com\/wp-content\/uploads\/2024\/08\/gb87cc9121555e5ea45f5396b75742aa9cef61deb4245f9a782aafa579d401ef40b11128cb73f867f99119bafae156c1735abcaa210cafe4ef1bb75b304205f9a_1280-6473470.png","width":1280,"height":1280,"caption":"gb87cc9121555e5ea45f5396b75742aa9cef61deb4245f9a782aafa579d401ef40b11128cb73f867f99119bafae156c1735abcaa210cafe4ef1bb75b304205f9a_1280-6473470.jpg"},{"@type":"BreadcrumbList","@id":"https:\/\/www.restaurant-blackangus.com\/en\/notre-carte\/#breadcrumb","itemListElement":[{"@type":"ListItem","position":1,"name":"Home","item":"https:\/\/www.restaurant-blackangus.com\/en\/"},{"@type":"ListItem","position":2,"name":"Nos cartes"}]},{"@type":"WebSite","@id":"https:\/\/www.restaurant-blackangus.com\/en\/#website","url":"https:\/\/www.restaurant-blackangus.com\/en\/","name":"Restaurant Black Angus Blagnac","description":"Black Angus restaurant","publisher":{"@id":"https:\/\/www.restaurant-blackangus.com\/en\/#organization"},"potentialAction":[{"@type":"SearchAction","target":{"@type":"EntryPoint","urlTemplate":"https:\/\/www.restaurant-blackangus.com\/en\/?s={search_term_string}"},"query-input":{"@type":"PropertyValueSpecification","valueRequired":true,"valueName":"search_term_string"}}],"inLanguage":"en-GB"},{"@type":"Organization","@id":"https:\/\/www.restaurant-blackangus.com\/en\/#organization","name":"Restaurant Black Angus","url":"https:\/\/www.restaurant-blackangus.com\/en\/","logo":{"@type":"ImageObject","inLanguage":"en-GB","@id":"https:\/\/www.restaurant-blackangus.com\/en\/#\/schema\/logo\/image\/","url":"https:\/\/www.restaurant-blackangus.com\/wp-content\/uploads\/2024\/08\/Logo-noir-Black-Angus-restaurant.png","contentUrl":"https:\/\/www.restaurant-blackangus.com\/wp-content\/uploads\/2024\/08\/Logo-noir-Black-Angus-restaurant.png","width":420,"height":122,"caption":"Restaurant Black Angus"},"image":{"@id":"https:\/\/www.restaurant-blackangus.com\/en\/#\/schema\/logo\/image\/"},"sameAs":["https:\/\/www.instagram.com\/blackangus_blagnac\/"]}]}},"uagb_featured_image_src":{"full":["https:\/\/www.restaurant-blackangus.com\/wp-content\/uploads\/2024\/08\/gb87cc9121555e5ea45f5396b75742aa9cef61deb4245f9a782aafa579d401ef40b11128cb73f867f99119bafae156c1735abcaa210cafe4ef1bb75b304205f9a_1280-6473470.png",1280,1280,false],"thumbnail":["https:\/\/www.restaurant-blackangus.com\/wp-content\/uploads\/2024\/08\/gb87cc9121555e5ea45f5396b75742aa9cef61deb4245f9a782aafa579d401ef40b11128cb73f867f99119bafae156c1735abcaa210cafe4ef1bb75b304205f9a_1280-6473470-150x150.png",150,150,true],"medium":["https:\/\/www.restaurant-blackangus.com\/wp-content\/uploads\/2024\/08\/gb87cc9121555e5ea45f5396b75742aa9cef61deb4245f9a782aafa579d401ef40b11128cb73f867f99119bafae156c1735abcaa210cafe4ef1bb75b304205f9a_1280-6473470-300x300.png",300,300,true],"medium_large":["https:\/\/www.restaurant-blackangus.com\/wp-content\/uploads\/2024\/08\/gb87cc9121555e5ea45f5396b75742aa9cef61deb4245f9a782aafa579d401ef40b11128cb73f867f99119bafae156c1735abcaa210cafe4ef1bb75b304205f9a_1280-6473470-768x768.png",768,768,true],"large":["https:\/\/www.restaurant-blackangus.com\/wp-content\/uploads\/2024\/08\/gb87cc9121555e5ea45f5396b75742aa9cef61deb4245f9a782aafa579d401ef40b11128cb73f867f99119bafae156c1735abcaa210cafe4ef1bb75b304205f9a_1280-6473470-1024x1024.png",1024,1024,true],"1536x1536":["https:\/\/www.restaurant-blackangus.com\/wp-content\/uploads\/2024\/08\/gb87cc9121555e5ea45f5396b75742aa9cef61deb4245f9a782aafa579d401ef40b11128cb73f867f99119bafae156c1735abcaa210cafe4ef1bb75b304205f9a_1280-6473470.png",1280,1280,false],"2048x2048":["https:\/\/www.restaurant-blackangus.com\/wp-content\/uploads\/2024\/08\/gb87cc9121555e5ea45f5396b75742aa9cef61deb4245f9a782aafa579d401ef40b11128cb73f867f99119bafae156c1735abcaa210cafe4ef1bb75b304205f9a_1280-6473470.png",1280,1280,false],"trp-custom-language-flag":["https:\/\/www.restaurant-blackangus.com\/wp-content\/uploads\/2024\/08\/gb87cc9121555e5ea45f5396b75742aa9cef61deb4245f9a782aafa579d401ef40b11128cb73f867f99119bafae156c1735abcaa210cafe4ef1bb75b304205f9a_1280-6473470.png",12,12,false],"fdm-item-thumb":["https:\/\/www.restaurant-blackangus.com\/wp-content\/uploads\/2024\/08\/gb87cc9121555e5ea45f5396b75742aa9cef61deb4245f9a782aafa579d401ef40b11128cb73f867f99119bafae156c1735abcaa210cafe4ef1bb75b304205f9a_1280-6473470.png",600,600,false]},"uagb_author_info":{"display_name":"Sybre","author_link":"https:\/\/www.restaurant-blackangus.com\/en\/author\/sybre\/"},"uagb_comment_info":0,"uagb_excerpt":"Menu Midi Black Angus par Holiday Inn","_links":{"self":[{"href":"https:\/\/www.restaurant-blackangus.com\/en\/wp-json\/wp\/v2\/pages\/370","targetHints":{"allow":["GET"]}}],"collection":[{"href":"https:\/\/www.restaurant-blackangus.com\/en\/wp-json\/wp\/v2\/pages"}],"about":[{"href":"https:\/\/www.restaurant-blackangus.com\/en\/wp-json\/wp\/v2\/types\/page"}],"author":[{"embeddable":true,"href":"https:\/\/www.restaurant-blackangus.com\/en\/wp-json\/wp\/v2\/users\/1"}],"replies":[{"embeddable":true,"href":"https:\/\/www.restaurant-blackangus.com\/en\/wp-json\/wp\/v2\/comments?post=370"}],"version-history":[{"count":96,"href":"https:\/\/www.restaurant-blackangus.com\/en\/wp-json\/wp\/v2\/pages\/370\/revisions"}],"predecessor-version":[{"id":3414,"href":"https:\/\/www.restaurant-blackangus.com\/en\/wp-json\/wp\/v2\/pages\/370\/revisions\/3414"}],"wp:featuredmedia":[{"embeddable":true,"href":"https:\/\/www.restaurant-blackangus.com\/en\/wp-json\/wp\/v2\/media\/1834"}],"wp:attachment":[{"href":"https:\/\/www.restaurant-blackangus.com\/en\/wp-json\/wp\/v2\/media?parent=370"}],"curies":[{"name":"wp","href":"https:\/\/api.w.org\/{rel}","templated":true}]}}